{"id":10,"date":"2022-03-07T21:20:20","date_gmt":"2022-03-07T20:20:20","guid":{"rendered":"https:\/\/cevennes-auvergne.nous-voyageurs.eu\/?page_id=10"},"modified":"2022-07-05T08:24:42","modified_gmt":"2022-07-05T07:24:42","slug":"a-propos-de","status":"publish","type":"page","link":"https:\/\/massif-central.nous-voyageurs.eu\/?page_id=10","title":{"rendered":"Nous ?"},"content":{"rendered":"<p>Ce site a \u00e9t\u00e9 cr\u00e9\u00e9 pour rassembler en un seul lieu les informations essentielles li\u00e9es \u00e0 la mobilit\u00e9 dans le Massif central \u00e0 partir des groupes de d\u00e9fense d&rsquo;usagers ind\u00e9pendants existants et actifs.<\/p>\n<p><strong>Pourquoi ind\u00e9pendants ?<\/strong><\/p>\n<p>Parce que nous voulons rester ma\u00eetres des moyens de r\u00e9action et des r\u00e9ponses \u00e0 apporter aux probl\u00e8mes des usagers des transports en commun.<\/p>\n<p>Parce nous refusons d&rsquo;adh\u00e9rer \u00e0 un organisme ou une f\u00e9d\u00e9ration nationale, cr\u00e9\u00e9s pour \u00e9touffer les demandes des usagers et les carences des transporteurs. Lire \u00e0 ce sujet la fiche descriptive (par elle-m\u00eame, sur Linkedin) de la <a href=\"https:\/\/www.linkedin.com\/company\/fnaut\/about\/\"><em>FNAUT f\u00e9d\u00e9ration nationale des associations d&rsquo;usagers des transports<\/em><\/a> :<\/p>\n<ul>\n<li>Elle si\u00e8ge \u00e0 tous les conseils d&rsquo;administration des transporteurs tels que SNCF, RATP&#8230; depuis 1978 : nous r\u00e9pondons \u00ab\u00a0Copains, coquins\u00a0\u00bb.<\/li>\n<li>Elle d\u00e9fend tous les usagers, ceux des avions et les automobiles y compris. Comment \u00e7a ? Comment peut-elle \u00eatre performante sur les liaisons par train si elles s&rsquo;occupe des voyages a\u00e9riens, l&rsquo;avion le grand concurrent du train ? Ceux aussi des bus. Comment peut-elle d\u00e9fendre correctement les lignes de trains et ses usagers si elle d\u00e9fend avec autant de v\u00e9h\u00e9mence (dans les faits c&rsquo;est proche de z\u00e9ro v\u00e9h\u00e9mence) les voyageurs qui pr\u00e9f\u00e8rent le bus, la voiture ou l&rsquo;avion ? Le bus le plus grand danger pour le train, avec sa variante les <a href=\"https:\/\/fr.wikipedia.org\/wiki\/Bus_%C3%A0_haut_niveau_de_service\"><em>bus BHNS<\/em><\/a>, soit disant \u00e0 haut niveau de service, dans lesquelles on vomit un peu moins que dans les anciens et dans lesquels on ne peut pas travailler.<\/li>\n<li>Elle est contre la gratuit\u00e9 des transports publics. Pourquoi ? Entre autres parce qu&rsquo;elle fonctionne avec les <a href=\"https:\/\/www.utp.fr\/system\/files\/Position_Gratuite_UTP-FNAUT_PourBAG.pdf\"><em>transporteurs<\/em><\/a>,\u00a0 l&rsquo;Union des Transports Publics. Alors l\u00e0 c&rsquo;est le pompon, nous y avions consacr\u00e9 <a href=\"https:\/\/usagers-transports.haut-allier.eu\/?la-fnaut-nationale-toujours-contre,817\"><em>un article<\/em><\/a> au Collectif des usagers des transports du haut Allier.<\/li>\n<li>Elle est consult\u00e9e par SNCF R\u00e9seau avant toute fermeture de ligne. De quelle ligne a-t-elle \u00e9vit\u00e9 la fermeture en Auvergne ? Quelle ligne en C\u00e9vennes ? Aucune.<\/li>\n<li>Elle fait remonter dit-elle les dol\u00e9ances aux transporteurs. Ah oui ? Avez vous vu un seul probl\u00e8me r\u00e9solu par la FNAUT en Auvergne et dans le sud de la France vous ? Des solutions existent pour faire remonter les probl\u00e8mes directement\u00a0 sans interm\u00e9diaires aux transporteurs et aux \u00ab\u00a0autorit\u00e9s organisatrices des transports\u00a0\u00bb , les r\u00e9gions, avec Twitter et les sites web. des exemples : en Rh\u00f4ne Alpes la plateforme <a href=\"https:\/\/www.civocracy.org\/auvergne-rhone-alpes\"><em>Civocracy<\/em><\/a> , le compte <a href=\"https:\/\/twitter.com\/SNCFTERAURA\"><em>Twitter SNCF AuRA<\/em><\/a> , en Occitanie avec le site <a href=\"https:\/\/m.ter.sncf.com\/occitanie\/services-contacts\/questions-reponses\"><em>TER LIO SNCF<\/em><\/a> et le compte <a href=\"https:\/\/twitter.com\/lio_train_sncf\"><em>Twitter LIO Occitanie<\/em><\/a> . Si l&rsquo;usager ne re\u00e7oit pas de r\u00e9ponse de ces plateformes c&rsquo;est avec plaisir que nos groupes de d\u00e9fense questionneront efficacement les organisateurs de transports.<\/li>\n<\/ul>\n<p>Un positionnement anti FNAUT que certains ne comprennent pas, faute d&rsquo;\u00e9clairage : il faut savoir qu&rsquo;actuellement la FNAUT est une des seules f\u00e9d\u00e9rations d&rsquo;associations d&rsquo;usagers au niveau national. C&rsquo;est souvent la seule \u00e0 se manifester dans les m\u00e9dias car les journalistes ne connaissent gu\u00e8re les assos et groupes de d\u00e9fense de terrain dans certaines r\u00e9gions et surtout \u00e0 Paris. Elle se dit repr\u00e9sentante des usagers alors qu&rsquo;elle les trompe en faisant tampon et en ne relayant souvent que les d\u00e9cisions gouvernementales. Il existe aussi un autre organisation <a href=\"https:\/\/convergence-nationale-rail.fr\/\"><em>\u00ab\u00a0Convergence nationale rail\u00a0\u00bb<\/em><\/a> cr\u00e9\u00e9 par les cheminots CGT et disons, moins orient\u00e9e d\u00e9fense des usagers.<\/p>\n<p>Nous tenons \u00e0 notre position de \u00ab\u00a0poil \u00e0 gratter\u00a0\u00bb reconnue sur le terrain par les transporteurs, par les d\u00e9cideurs. Nous tenons \u00e0 porter haut et fort certaines aspirations des citoyens \u00e0 la mobilit\u00e9. L&rsquo;exp\u00e9rience nous prouve que ce n&rsquo;est pas avec la FNAUT ni pour le moment avec aucune autre f\u00e9d\u00e9ration nationale que nous y arriverons. M\u00eame si nous pouvons adh\u00e9rer au niveau des combats \u00e0 certaines organisations qui nous sont compl\u00e9mentaires, concernant le climat ou sur les probl\u00e9matiques sp\u00e9cifiques aux cyclistes par exemple.<\/p>\n<p><strong>Les groupes de d\u00e9fense d&rsquo;usagers relay\u00e9s sur ce site sont :<\/strong><\/p>\n<ul>\n<li>le Collectif des Usagers des transports du haut Allier (<a href=\"https:\/\/usagers-transports.haut-allier.eu\/\"><em>CUTHA<\/em><\/a>)<\/li>\n<li>l&rsquo;Association des Usagers SNCF du Gard et des d\u00e9partements limitrophes (<a href=\"http:\/\/usagerstergard.free.fr\/\"><em>AUGDL<\/em><\/a>)<\/li>\n<li>l&rsquo;Association des Usagers des transports de la Loz\u00e8re (<a href=\"http:\/\/autl48.free.fr\/\"><em>AUTL 48<\/em><\/a>)<\/li>\n<li>le Comit\u00e9 de D\u00e9fense des Usagers des Services Publics en hautes C\u00e9vennes<\/li>\n<\/ul>\n<p>&nbsp;<\/p>\n","protected":false},"excerpt":{"rendered":"<p>Ce site a \u00e9t\u00e9 cr\u00e9\u00e9 pour rassembler en un seul lieu les informations essentielles li\u00e9es \u00e0 la mobilit\u00e9<\/p>\n","protected":false},"author":1,"featured_media":0,"parent":0,"menu_order":0,"comment_status":"closed","ping_status":"closed","template":"","meta":[],"yoast_head":"<!-- This site is optimized with the Yoast SEO plugin v19.6 - https:\/\/yoast.com\/wordpress\/plugins\/seo\/ -->\n<title>Nous ? - Nous, Voyageurs ! Massif Central<\/title>\n<meta name=\"robots\" content=\"index, follow, max-snippet:-1, max-image-preview:large, max-video-preview:-1\" \/>\n<link rel=\"canonical\" href=\"https:\/\/massif-central.nous-voyageurs.eu\/?page_id=10\" \/>\n<meta property=\"og:locale\" content=\"fr_FR\" \/>\n<meta property=\"og:type\" content=\"article\" \/>\n<meta property=\"og:title\" content=\"Nous ? - Nous, Voyageurs ! Massif Central\" \/>\n<meta property=\"og:description\" content=\"Ce site a \u00e9t\u00e9 cr\u00e9\u00e9 pour rassembler en un seul lieu les informations essentielles li\u00e9es \u00e0 la mobilit\u00e9\" \/>\n<meta property=\"og:url\" content=\"https:\/\/massif-central.nous-voyageurs.eu\/?page_id=10\" \/>\n<meta property=\"og:site_name\" content=\"Nous, Voyageurs ! Massif Central\" \/>\n<meta property=\"article:modified_time\" content=\"2022-07-05T07:24:42+00:00\" \/>\n<meta name=\"twitter:card\" content=\"summary_large_image\" \/>\n<meta name=\"twitter:label1\" content=\"Dur\u00e9e de lecture estim\u00e9e\" \/>\n\t<meta name=\"twitter:data1\" content=\"4 minutes\" \/>\n<script type=\"application\/ld+json\" class=\"yoast-schema-graph\">{\"@context\":\"https:\/\/schema.org\",\"@graph\":[{\"@type\":\"WebPage\",\"@id\":\"https:\/\/massif-central.nous-voyageurs.eu\/?page_id=10\",\"url\":\"https:\/\/massif-central.nous-voyageurs.eu\/?page_id=10\",\"name\":\"Nous ? - Nous, Voyageurs ! Massif Central\",\"isPartOf\":{\"@id\":\"https:\/\/massif-central.nous-voyageurs.eu\/#website\"},\"datePublished\":\"2022-03-07T20:20:20+00:00\",\"dateModified\":\"2022-07-05T07:24:42+00:00\",\"breadcrumb\":{\"@id\":\"https:\/\/massif-central.nous-voyageurs.eu\/?page_id=10#breadcrumb\"},\"inLanguage\":\"fr-FR\",\"potentialAction\":[{\"@type\":\"ReadAction\",\"target\":[\"https:\/\/massif-central.nous-voyageurs.eu\/?page_id=10\"]}]},{\"@type\":\"BreadcrumbList\",\"@id\":\"https:\/\/massif-central.nous-voyageurs.eu\/?page_id=10#breadcrumb\",\"itemListElement\":[{\"@type\":\"ListItem\",\"position\":1,\"name\":\"Accueil\",\"item\":\"https:\/\/massif-central.nous-voyageurs.eu\/\"},{\"@type\":\"ListItem\",\"position\":2,\"name\":\"Nous ?\"}]},{\"@type\":\"WebSite\",\"@id\":\"https:\/\/massif-central.nous-voyageurs.eu\/#website\",\"url\":\"https:\/\/massif-central.nous-voyageurs.eu\/\",\"name\":\"Nous, Voyageurs ! Massif Central\",\"description\":\"Les usagers du Massif central fran\u00e7ais ensemble dans un collectif ind\u00e9pendant\",\"potentialAction\":[{\"@type\":\"SearchAction\",\"target\":{\"@type\":\"EntryPoint\",\"urlTemplate\":\"https:\/\/massif-central.nous-voyageurs.eu\/?s={search_term_string}\"},\"query-input\":\"required name=search_term_string\"}],\"inLanguage\":\"fr-FR\"}]}<\/script>\n<!-- \/ Yoast SEO plugin. -->","yoast_head_json":{"title":"Nous ? - Nous, Voyageurs ! Massif Central","robots":{"index":"index","follow":"follow","max-snippet":"max-snippet:-1","max-image-preview":"max-image-preview:large","max-video-preview":"max-video-preview:-1"},"canonical":"https:\/\/massif-central.nous-voyageurs.eu\/?page_id=10","og_locale":"fr_FR","og_type":"article","og_title":"Nous ? - Nous, Voyageurs ! Massif Central","og_description":"Ce site a \u00e9t\u00e9 cr\u00e9\u00e9 pour rassembler en un seul lieu les informations essentielles li\u00e9es \u00e0 la mobilit\u00e9","og_url":"https:\/\/massif-central.nous-voyageurs.eu\/?page_id=10","og_site_name":"Nous, Voyageurs ! Massif Central","article_modified_time":"2022-07-05T07:24:42+00:00","twitter_card":"summary_large_image","twitter_misc":{"Dur\u00e9e de lecture estim\u00e9e":"4 minutes"},"schema":{"@context":"https:\/\/schema.org","@graph":[{"@type":"WebPage","@id":"https:\/\/massif-central.nous-voyageurs.eu\/?page_id=10","url":"https:\/\/massif-central.nous-voyageurs.eu\/?page_id=10","name":"Nous ? - Nous, Voyageurs ! Massif Central","isPartOf":{"@id":"https:\/\/massif-central.nous-voyageurs.eu\/#website"},"datePublished":"2022-03-07T20:20:20+00:00","dateModified":"2022-07-05T07:24:42+00:00","breadcrumb":{"@id":"https:\/\/massif-central.nous-voyageurs.eu\/?page_id=10#breadcrumb"},"inLanguage":"fr-FR","potentialAction":[{"@type":"ReadAction","target":["https:\/\/massif-central.nous-voyageurs.eu\/?page_id=10"]}]},{"@type":"BreadcrumbList","@id":"https:\/\/massif-central.nous-voyageurs.eu\/?page_id=10#breadcrumb","itemListElement":[{"@type":"ListItem","position":1,"name":"Accueil","item":"https:\/\/massif-central.nous-voyageurs.eu\/"},{"@type":"ListItem","position":2,"name":"Nous ?"}]},{"@type":"WebSite","@id":"https:\/\/massif-central.nous-voyageurs.eu\/#website","url":"https:\/\/massif-central.nous-voyageurs.eu\/","name":"Nous, Voyageurs ! Massif Central","description":"Les usagers du Massif central fran\u00e7ais ensemble dans un collectif ind\u00e9pendant","potentialAction":[{"@type":"SearchAction","target":{"@type":"EntryPoint","urlTemplate":"https:\/\/massif-central.nous-voyageurs.eu\/?s={search_term_string}"},"query-input":"required name=search_term_string"}],"inLanguage":"fr-FR"}]}},"_links":{"self":[{"href":"https:\/\/massif-central.nous-voyageurs.eu\/index.php?rest_route=\/wp\/v2\/pages\/10"}],"collection":[{"href":"https:\/\/massif-central.nous-voyageurs.eu\/index.php?rest_route=\/wp\/v2\/pages"}],"about":[{"href":"https:\/\/massif-central.nous-voyageurs.eu\/index.php?rest_route=\/wp\/v2\/types\/page"}],"author":[{"embeddable":true,"href":"https:\/\/massif-central.nous-voyageurs.eu\/index.php?rest_route=\/wp\/v2\/users\/1"}],"replies":[{"embeddable":true,"href":"https:\/\/massif-central.nous-voyageurs.eu\/index.php?rest_route=%2Fwp%2Fv2%2Fcomments&post=10"}],"version-history":[{"count":19,"href":"https:\/\/massif-central.nous-voyageurs.eu\/index.php?rest_route=\/wp\/v2\/pages\/10\/revisions"}],"predecessor-version":[{"id":12055,"href":"https:\/\/massif-central.nous-voyageurs.eu\/index.php?rest_route=\/wp\/v2\/pages\/10\/revisions\/12055"}],"wp:attachment":[{"href":"https:\/\/massif-central.nous-voyageurs.eu\/index.php?rest_route=%2Fwp%2Fv2%2Fmedia&parent=10"}],"curies":[{"name":"wp","href":"https:\/\/api.w.org\/{rel}","templated":true}]}}