{"id":12,"date":"2022-03-07T21:20:21","date_gmt":"2022-03-07T20:20:21","guid":{"rendered":"https:\/\/cevennes-auvergne.nous-voyageurs.eu\/?page_id=12"},"modified":"2022-04-02T07:36:36","modified_gmt":"2022-04-02T06:36:36","slug":"lacharte","status":"publish","type":"page","link":"https:\/\/massif-central.nous-voyageurs.eu\/?page_id=12","title":{"rendered":"La Charte du Voyageur"},"content":{"rendered":"<div id=\"top\">\n<h1 style=\"text-align: center;\"><a href=\"https:\/\/www.change.org\/fr\/p%C3%A9titions\/transporteurs-publics-de-voyageurs-adoptez-la-premi%C3%A8re-charte-des-voyageurs\">Nous, Voyageurs -&gt;La Charte&lt;<\/a><\/h1>\n<h1 style=\"text-align: center;\"><a href=\"https:\/\/www.change.org\/fr\/p%C3%A9titions\/transporteurs-publics-de-voyageurs-adoptez-la-premi%C3%A8re-charte-des-voyageurs\">[ni moutons] [ni dindons]<\/a><\/h1>\n<p><img class=\"aligncenter\" src=\"http:\/\/nous-voyageurs.eu\/fondgauche.jpg\" \/><\/p>\n<\/div>\n<div id=\"wrapper\" style=\"text-align: center;\">\n<div id=\"main\">\n<div id=\"content\">\n<div class=\"post odd first\" lang=\"fr\" xml:lang=\"fr\">\n<p><em>Nous proposons<\/em><\/p>\n<h2 id=\"p768720\" class=\"post-title\"><a href=\"http:\/\/charte.nous-voyageurs.eu\/\">La premi\u00e8re charte du voyageur<\/a><\/h2>\n<p class=\"post-info\">Par Nous Voyageurs le dimanche 2 f\u00e9vrier 2014, 18:00<\/p>\n<div class=\"post-content\">\n<blockquote>\n<blockquote>\n<h2>Nous Voyageurs, c&rsquo;est un collectif citoyen qui regroupe tous ceux qui adh\u00e8rent \u00e0 notre vision du transport. Nous l&rsquo;avons r\u00e9duite aux besoins minimums dans un pays dit d\u00e9velopp\u00e9. Ils sont loin d&rsquo;\u00eatre satisfaits \u00e0 l&rsquo;heure actuelle.<\/h2>\n<p>&nbsp;<\/p>\n<h2><strong>Les organismes de transport ont toujours d\u00e9cid\u00e9 pour nous et nous ont trop trimball\u00e9 dans tous les sens et n&rsquo;importe comment. Nous ne sommes ni des moutons ni des dindons. Renversons la donne, passons \u00e0 l&rsquo;offensive et imposons une Charte.<\/strong><\/h2>\n<p>&nbsp;<\/p>\n<h2><strong>Nous l&rsquo;avons \u00e9labor\u00e9 et la pr\u00e9sentons pour la premi\u00e8re fois. Elle est tr\u00e8s claire, minimale mais les transporteurs la trouveront exigeante. Chacun peut la signer, personne, collectif, association, groupement, f\u00e9d\u00e9ration, collectivit\u00e9 et organismes.<\/strong><\/h2>\n<p>&nbsp;<\/p><\/blockquote>\n<\/blockquote>\n<h2><em>1 &#8211; L&rsquo;avertissement :<\/em><\/h2>\n<p><a href=\"http:\/\/nous-voyageurs.eu\/nousvoyageurs-un-web.jpg\"><img loading=\"lazy\" title=\"Nous Voyageurs avertissons, f\u00e9v. 2014\" src=\"http:\/\/nous-voyageurs.eu\/nousvoyageurs-un-web.jpg\" alt=\"\" width=\"300\" height=\"500\" \/><\/a><\/p>\n<h3>Et le PDF \u00e0 t\u00e9l\u00e9charger :<em>\u00a0<a href=\"http:\/\/nous-voyageurs.eu\/nousvoyageurs-un.pdf\">Nous Voyageurs avertissons<\/a><\/em><\/h3>\n<h2><\/h2>\n<h2><em>2 &#8211; La Charte :<\/em><\/h2>\n<p><a href=\"http:\/\/nous-voyageurs.eu\/nousvoyageurs-lacharte-web.jpg\"><img loading=\"lazy\" title=\"Nous Voyageurs la Charte, f\u00e9v. 2014\" src=\"http:\/\/nous-voyageurs.eu\/nousvoyageurs-lacharte-web.jpg\" alt=\"\" width=\"300\" height=\"500\" \/><\/a><\/p>\n<h3>Et c&rsquo;est mieux en PDF :\u00a0<em><a href=\"http:\/\/nous-voyageurs.eu\/nousvoyageurs-lacharte.pdf\">Nous Voyageurs la Charte<\/a><\/em><\/h3>\n<h3><\/h3>\n<h2><em>3 &#8211; La propagation :<\/em><\/h2>\n<ul>\n<li style=\"text-align: left;\"><strong>On signe la p\u00e9tition <a href=\"https:\/\/www.change.org\/fr\/p%C3%A9titions\/transporteurs-publics-de-voyageurs-adoptez-la-premi%C3%A8re-charte-des-voyageurs\" hreflang=\"fr\">ici<\/a>\u00a0pour peser.<\/strong><\/li>\n<li style=\"text-align: left;\"><strong>On fait conna\u00eetre parmi les usagers et les d\u00e9cideurs.<\/strong><\/li>\n<li style=\"text-align: left;\"><strong>On le fait savoir.<\/strong><\/li>\n<li style=\"text-align: left;\"><strong>On est satisfait si une majorit\u00e9 de transporteurs adopte.<br \/>\n<\/strong><\/li>\n<\/ul>\n<h2><em>4 &#8211; On garde sa Charte sur soi :<\/em><\/h2>\n<ul>\n<li style=\"text-align: left;\"><strong>On l&rsquo;imprime au format que l&rsquo;on veut.<\/strong><\/li>\n<li style=\"text-align: left;\"><strong>On la garde.<\/strong><\/li>\n<li style=\"text-align: left;\"><strong>Pour ne pas s&rsquo;\u00e9nerver en cas de conflit, la pr\u00e9senter pour d\u00e9samorcer puisque elle explique notre \u00e9tat d&rsquo;\u00e2me.<\/strong><\/li>\n<\/ul>\n<h2><\/h2>\n<h2><em><ins><strong>Les documents texte :<\/strong><\/ins><\/em><\/h2>\n<p>&nbsp;<\/p>\n<p>NOUS,<br \/>\nVOYAGEURS<\/p>\n<p>Promeneurs Travailleurs<br \/>\nFlaneurs Vacanciers Etudiants<br \/>\nDiscrets<br \/>\nNomades<br \/>\nAimables<br \/>\nPayeurs<br \/>\nOb\u00e9issants<br \/>\nPatients<br \/>\nCompatissants<br \/>\nZens<\/p>\n<p>Trimball\u00e9s<br \/>\nL\u00e9s\u00e9s<br \/>\nRetard\u00e9s<br \/>\nIgnor\u00e9s Balad\u00e9s Enfum\u00e9s<br \/>\nFliqu\u00e9s Dindonn\u00e9s Bloqu\u00e9s<br \/>\nEpuis\u00e9s Tromp\u00e9s Exc\u00e9d\u00e9s<\/p>\n<p>d\u00e9cidons de<br \/>\nt\u00e9moigner \/ interpeller<br \/>\n\u00e9laborer \/ proposer \/ r\u00e9pandre et<br \/>\nfaire adopter notre charte<\/p>\n<p>&#8212;<\/p>\n<h4>NOUS,<br \/>\nVOYAGEURS<\/h4>\n<h4>Nous engageons \u00e0 respecter les r\u00e8gles de<br \/>\nvie, solidarit\u00e9 et respect envers les autres<br \/>\npassagers et le personnel durant le trajet.<br \/>\nEn \u00e9change nous exigeons du transporteur :<\/h4>\n<h4>0 &#8211; GRATUITE<br \/>\n* L&rsquo;acc\u00e8s au transport est gratuit dans le cas o\u00f9 le<br \/>\ntransporteur b\u00e9n\u00e9fie d&rsquo;aides publiques quelqu&rsquo;en<br \/>\nsoit le montant.<\/h4>\n<h4>1 &#8211; CONFORT MINIMAL<br \/>\n* Un titre de transport = un si\u00e8ge<br \/>\nSi aucune place assise n&rsquo;est disponible durant le<br \/>\ntrajet l&rsquo;organisme de transport devra rembourser<br \/>\nla moiti\u00e9 de la valeur du titre sans autre condition.<br \/>\n* Un si\u00e8ge = une prise \u00e9lectrique fonctionnelle<br \/>\ndans les trains.<br \/>\nLe choix d&rsquo;un moyen de transport s&rsquo;effectue aussi<br \/>\npar la possibilit\u00e9 d&rsquo;y brancher ses appareils<br \/>\nmobiles.<br \/>\n* Les espaces voyageurs doivent \u00eatre non fumeurs.<br \/>\n* De l&rsquo;eau potable doit \u00eatre mise \u00e0 disposition<br \/>\ngratuitement.<br \/>\n* Les toilettes doivent \u00eatre fonctionnelles.<\/h4>\n<h4>2 &#8211; LIBERTE DE MOUVEMENT<br \/>\n* Un titre de transport = possibilit\u00e9 d&rsquo;arr\u00eats et de<br \/>\nreprises du parcours sans limitation de quantit\u00e9, de<br \/>\ndur\u00e9e et de validit\u00e9.<\/h4>\n<h4>3 &#8211; PONCTUALITE<br \/>\n* Un retard de 5 minutes = titre rembours\u00e9 \u00e0<br \/>\nhauteur de 10% de la valeur du prix pay\u00e9, un<br \/>\nretard de 30 minutes = 60%, un retard de 50<br \/>\nminutes = 100% sans autres conditions.<\/h4>\n<h4>4 &#8211; CORRESPONDANCES<br \/>\n* Le conducteur doit respecter toutes les<br \/>\npersonnes \u00e0 bord et adopter une conduite souple<br \/>\net sans \u00e0 coups.<\/h4>\n<h4>6 &#8211; RESPECT DES PERSONNES<br \/>\n* Tout contr\u00f4le doit s&rsquo;effectuer avec courtoisie et<br \/>\nhumanit\u00e9.<\/h4>\n<h4>7 &#8211; ACCIDENTS<br \/>\n* En cas d&rsquo;incident exceptionnel et d&rsquo;annulation<br \/>\ntotale ou partielle du trajet, l&rsquo;organisme est oblig\u00e9<br \/>\nde mettre en place un transport alternatif dans des<br \/>\nd\u00e9lais courts. Les p\u00e9nalit\u00e9s de retard et de non<br \/>\ncorrespondances du chap\u00eetre \u00ab\u00a0PONCTUALITE\u00a0\u00bb sont<br \/>\nappliqu\u00e9es en se r\u00e9f\u00e9rant au temps de parcours<br \/>\nnormal.<\/h4>\n<h4>8 &#8211; TRAVAUX<br \/>\n* En cas d&rsquo;annulation totale du trajet pour travaux<br \/>\nl&rsquo;organisme est oblig\u00e9 de mettre en place un<br \/>\ntransport alternatif qui offre le m\u00eame service de<br \/>\ndesserte des arr\u00eats et de temps de parcours. Les<br \/>\np\u00e9nalit\u00e9s de retard et de non correspondances du<br \/>\nchapitre \u00ab\u00a0PONCTUALITE\u00a0\u00bb sont appliqu\u00e9es durant<br \/>\ntoute la p\u00e9riode des travaux en se r\u00e9f\u00e9rant au<br \/>\ntemps de parcours normal.<\/h4>\n<h4>9 &#8211; ARRETS ET GARES<br \/>\n* Chaque arr\u00eat comportera une salle d&rsquo;attente ou<br \/>\nun abri avec de quoi s&rsquo;asseoir, accessible une<br \/>\nheure avant le premier et sans discontinuer<br \/>\njusqu&rsquo;au dernier d\u00e9part du jour.<br \/>\n* Chaque arr\u00eat doit \u00eatre \u00e9quip\u00e9 d&rsquo;un syst\u00e8me<br \/>\nd&rsquo;informations sur les horaires de passages en<br \/>\ntemps r\u00e9el.<br \/>\n* Chaque arr\u00eat doit \u00eatre accessible \u00e0 toutes<br \/>\npersonnes et aux handicap\u00e9s.<br \/>\n* Chaque gare doit poss\u00e9der une fontaine d&rsquo;eau<br \/>\npotable en acc\u00e8s libre.<br \/>\n* Chaque gare doit comporter un syst\u00e8me de garde<br \/>\nde bagages accessible 24 heures sur 24.<\/h4>\n<\/div>\n<\/div>\n<\/div>\n<\/div>\n<div id=\"sidebar\">\n<div id=\"blognav\">\n<div class=\"text\">\n<h2>PLUS D&rsquo;INFORMATIONS<\/h2>\n<p>contact [AT] nous-voyageurs.eu<\/p>\n<p>un peu d&rsquo;humour avec<br \/>\n<a href=\"http:\/\/nous-voyageurs.eu\/Droits-des-voyageurs-ferroviaires.pdf\" target=\"_blank\" rel=\"noopener\">Les Droits des Voyageurs<\/a><br \/>\nselon Voyages-SNCF en Mars 2016<\/p>\n<\/div>\n<div class=\"syndicate\"><\/div>\n<\/div>\n<\/div>\n<\/div>\n","protected":false},"excerpt":{"rendered":"<p>Nous, Voyageurs -&gt;La Charte&lt; [ni moutons] [ni dindons] Nous proposons La premi\u00e8re charte du voyageur Par Nous Voyageurs<\/p>\n","protected":false},"author":1,"featured_media":2308,"parent":0,"menu_order":0,"comment_status":"closed","ping_status":"closed","template":"","meta":[],"yoast_head":"<!-- This site is optimized with the Yoast SEO plugin v19.6 - https:\/\/yoast.com\/wordpress\/plugins\/seo\/ -->\n<title>La Charte du Voyageur - Nous, Voyageurs ! Massif Central<\/title>\n<meta name=\"robots\" content=\"index, follow, max-snippet:-1, max-image-preview:large, max-video-preview:-1\" \/>\n<link rel=\"canonical\" href=\"https:\/\/massif-central.nous-voyageurs.eu\/?page_id=12\" \/>\n<meta property=\"og:locale\" content=\"fr_FR\" \/>\n<meta property=\"og:type\" content=\"article\" \/>\n<meta property=\"og:title\" content=\"La Charte du Voyageur - Nous, Voyageurs ! Massif Central\" \/>\n<meta property=\"og:description\" content=\"Nous, Voyageurs -&gt;La Charte&lt; [ni moutons] [ni dindons] Nous proposons La premi\u00e8re charte du voyageur Par Nous Voyageurs\" \/>\n<meta property=\"og:url\" content=\"https:\/\/massif-central.nous-voyageurs.eu\/?page_id=12\" \/>\n<meta property=\"og:site_name\" content=\"Nous, Voyageurs ! Massif Central\" \/>\n<meta property=\"article:modified_time\" content=\"2022-04-02T06:36:36+00:00\" \/>\n<meta property=\"og:image\" content=\"https:\/\/massif-central.nous-voyageurs.eu\/wp-content\/uploads\/2022\/04\/la-charte-du-voyageur7.jpg\" \/>\n\t<meta property=\"og:image:width\" content=\"640\" \/>\n\t<meta property=\"og:image:height\" content=\"480\" \/>\n\t<meta property=\"og:image:type\" content=\"image\/jpeg\" \/>\n<meta name=\"twitter:card\" content=\"summary_large_image\" \/>\n<meta name=\"twitter:label1\" content=\"Dur\u00e9e de lecture estim\u00e9e\" \/>\n\t<meta name=\"twitter:data1\" content=\"4 minutes\" \/>\n<script type=\"application\/ld+json\" class=\"yoast-schema-graph\">{\"@context\":\"https:\/\/schema.org\",\"@graph\":[{\"@type\":\"WebPage\",\"@id\":\"https:\/\/massif-central.nous-voyageurs.eu\/?page_id=12\",\"url\":\"https:\/\/massif-central.nous-voyageurs.eu\/?page_id=12\",\"name\":\"La Charte du Voyageur - Nous, Voyageurs ! Massif Central\",\"isPartOf\":{\"@id\":\"https:\/\/massif-central.nous-voyageurs.eu\/#website\"},\"datePublished\":\"2022-03-07T20:20:21+00:00\",\"dateModified\":\"2022-04-02T06:36:36+00:00\",\"breadcrumb\":{\"@id\":\"https:\/\/massif-central.nous-voyageurs.eu\/?page_id=12#breadcrumb\"},\"inLanguage\":\"fr-FR\",\"potentialAction\":[{\"@type\":\"ReadAction\",\"target\":[\"https:\/\/massif-central.nous-voyageurs.eu\/?page_id=12\"]}]},{\"@type\":\"BreadcrumbList\",\"@id\":\"https:\/\/massif-central.nous-voyageurs.eu\/?page_id=12#breadcrumb\",\"itemListElement\":[{\"@type\":\"ListItem\",\"position\":1,\"name\":\"Accueil\",\"item\":\"https:\/\/massif-central.nous-voyageurs.eu\/\"},{\"@type\":\"ListItem\",\"position\":2,\"name\":\"La Charte du Voyageur\"}]},{\"@type\":\"WebSite\",\"@id\":\"https:\/\/massif-central.nous-voyageurs.eu\/#website\",\"url\":\"https:\/\/massif-central.nous-voyageurs.eu\/\",\"name\":\"Nous, Voyageurs ! Massif Central\",\"description\":\"Les usagers du Massif central fran\u00e7ais ensemble dans un collectif ind\u00e9pendant\",\"potentialAction\":[{\"@type\":\"SearchAction\",\"target\":{\"@type\":\"EntryPoint\",\"urlTemplate\":\"https:\/\/massif-central.nous-voyageurs.eu\/?s={search_term_string}\"},\"query-input\":\"required name=search_term_string\"}],\"inLanguage\":\"fr-FR\"}]}<\/script>\n<!-- \/ Yoast SEO plugin. -->","yoast_head_json":{"title":"La Charte du Voyageur - Nous, Voyageurs ! Massif Central","robots":{"index":"index","follow":"follow","max-snippet":"max-snippet:-1","max-image-preview":"max-image-preview:large","max-video-preview":"max-video-preview:-1"},"canonical":"https:\/\/massif-central.nous-voyageurs.eu\/?page_id=12","og_locale":"fr_FR","og_type":"article","og_title":"La Charte du Voyageur - Nous, Voyageurs ! Massif Central","og_description":"Nous, Voyageurs -&gt;La Charte&lt; [ni moutons] [ni dindons] Nous proposons La premi\u00e8re charte du voyageur Par Nous Voyageurs","og_url":"https:\/\/massif-central.nous-voyageurs.eu\/?page_id=12","og_site_name":"Nous, Voyageurs ! Massif Central","article_modified_time":"2022-04-02T06:36:36+00:00","og_image":[{"width":640,"height":480,"url":"https:\/\/massif-central.nous-voyageurs.eu\/wp-content\/uploads\/2022\/04\/la-charte-du-voyageur7.jpg","type":"image\/jpeg"}],"twitter_card":"summary_large_image","twitter_misc":{"Dur\u00e9e de lecture estim\u00e9e":"4 minutes"},"schema":{"@context":"https:\/\/schema.org","@graph":[{"@type":"WebPage","@id":"https:\/\/massif-central.nous-voyageurs.eu\/?page_id=12","url":"https:\/\/massif-central.nous-voyageurs.eu\/?page_id=12","name":"La Charte du Voyageur - Nous, Voyageurs ! Massif Central","isPartOf":{"@id":"https:\/\/massif-central.nous-voyageurs.eu\/#website"},"datePublished":"2022-03-07T20:20:21+00:00","dateModified":"2022-04-02T06:36:36+00:00","breadcrumb":{"@id":"https:\/\/massif-central.nous-voyageurs.eu\/?page_id=12#breadcrumb"},"inLanguage":"fr-FR","potentialAction":[{"@type":"ReadAction","target":["https:\/\/massif-central.nous-voyageurs.eu\/?page_id=12"]}]},{"@type":"BreadcrumbList","@id":"https:\/\/massif-central.nous-voyageurs.eu\/?page_id=12#breadcrumb","itemListElement":[{"@type":"ListItem","position":1,"name":"Accueil","item":"https:\/\/massif-central.nous-voyageurs.eu\/"},{"@type":"ListItem","position":2,"name":"La Charte du Voyageur"}]},{"@type":"WebSite","@id":"https:\/\/massif-central.nous-voyageurs.eu\/#website","url":"https:\/\/massif-central.nous-voyageurs.eu\/","name":"Nous, Voyageurs ! Massif Central","description":"Les usagers du Massif central fran\u00e7ais ensemble dans un collectif ind\u00e9pendant","potentialAction":[{"@type":"SearchAction","target":{"@type":"EntryPoint","urlTemplate":"https:\/\/massif-central.nous-voyageurs.eu\/?s={search_term_string}"},"query-input":"required name=search_term_string"}],"inLanguage":"fr-FR"}]}},"_links":{"self":[{"href":"https:\/\/massif-central.nous-voyageurs.eu\/index.php?rest_route=\/wp\/v2\/pages\/12"}],"collection":[{"href":"https:\/\/massif-central.nous-voyageurs.eu\/index.php?rest_route=\/wp\/v2\/pages"}],"about":[{"href":"https:\/\/massif-central.nous-voyageurs.eu\/index.php?rest_route=\/wp\/v2\/types\/page"}],"author":[{"embeddable":true,"href":"https:\/\/massif-central.nous-voyageurs.eu\/index.php?rest_route=\/wp\/v2\/users\/1"}],"replies":[{"embeddable":true,"href":"https:\/\/massif-central.nous-voyageurs.eu\/index.php?rest_route=%2Fwp%2Fv2%2Fcomments&post=12"}],"version-history":[{"count":6,"href":"https:\/\/massif-central.nous-voyageurs.eu\/index.php?rest_route=\/wp\/v2\/pages\/12\/revisions"}],"predecessor-version":[{"id":2307,"href":"https:\/\/massif-central.nous-voyageurs.eu\/index.php?rest_route=\/wp\/v2\/pages\/12\/revisions\/2307"}],"wp:featuredmedia":[{"embeddable":true,"href":"https:\/\/massif-central.nous-voyageurs.eu\/index.php?rest_route=\/wp\/v2\/media\/2308"}],"wp:attachment":[{"href":"https:\/\/massif-central.nous-voyageurs.eu\/index.php?rest_route=%2Fwp%2Fv2%2Fmedia&parent=12"}],"curies":[{"name":"wp","href":"https:\/\/api.w.org\/{rel}","templated":true}]}}